{"id":623,"date":"2020-03-14T11:56:21","date_gmt":"2020-03-14T10:56:21","guid":{"rendered":"http:\/\/yurigoloubev.com\/?page_id=623"},"modified":"2025-09-06T21:17:28","modified_gmt":"2025-09-06T19:17:28","slug":"quotes-and-reviews","status":"publish","type":"page","link":"https:\/\/yurigoloubev.com\/index.php\/quotes-and-reviews\/","title":{"rendered":"Quotes and reviews"},"content":{"rendered":"<p>[vc_row css_animation=&#8221;&#8221; row_type=&#8221;row&#8221; use_row_as_full_screen_section=&#8221;no&#8221; type=&#8221;full_width&#8221; angled_section=&#8221;no&#8221; text_align=&#8221;left&#8221; background_image_as_pattern=&#8221;without_pattern&#8221;][vc_column width=&#8221;1\/6&#8243;][\/vc_column][vc_column width=&#8221;2\/3&#8243;][vc_empty_space][vc_column_text]<\/p>\n<blockquote><p>&#8220;The improvising is terrific, and Goloubev&#8217;s precision and drive irresistable&#8221;<\/p><\/blockquote>\n<h3 style=\"text-align: right;\">&#8211; John Fordham, Jazzwise<\/h3>\n<p>[\/vc_column_text][vc_empty_space][vc_column_text]<\/p>\n<blockquote><p><span style=\"font-weight: 400;\">&#8220;In employing his years of collaborative experience to function on equal footing with his accomplished band, Goloubev produces an impressively subtle work.&#8221;<\/span><\/p><\/blockquote>\n<h3 style=\"text-align: right;\">&#8211; Ammar Kalia, Downbeat<\/h3>\n<p>[\/vc_column_text][vc_empty_space][vc_column_text]<\/p>\n<blockquote><p>&#8220;The writing is even better than the album&#8217;s handsome sound. Really this is the first reason that you should hear and get this record when it comes out&#8221;<\/p><\/blockquote>\n<h3 style=\"text-align: right;\">&#8211; Marlbank<\/h3>\n<p>[\/vc_column_text][vc_empty_space][vc_column_text]<\/p>\n<blockquote><p>&#8220;Titanic for a Bike is Goloubev&#8217;s most satisfying recording to date, and goes a long way towards elevating him to the ranks of jazz&#8217;s premier bass improvisers. It also states the case most persuasively, for Goloubev as a modern composer and leader of note. Highly recommended&#8221;<\/p><\/blockquote>\n<h3 style=\"text-align: right;\">&#8211; Ian Patterson, All About Jazz<\/h3>\n<p>[\/vc_column_text][vc_empty_space][vc_column_text]<\/p>\n<blockquote><p>\u201c\u2026most satisfying recording to date, and goes a long way towards elevating him to the ranks of jazz\u2019s premier bass improvisers. It also states the case most persuasively, for Goloubev as a modern composer and leader of note. Highly recommended.\u201d<\/p><\/blockquote>\n<h3 style=\"text-align: right;\">&#8211; Ian Patterson, All About Jazz<\/h3>\n<p>[\/vc_column_text][vc_empty_space][vc_column_text]<\/p>\n<blockquote><p>&#8220;Tecnica elevatissima ed espressiva&#8221;<\/p><\/blockquote>\n<h3 style=\"text-align: right;\">&#8211; Vincenzo Fugaldi, Jazzitalia<\/h3>\n<p>[\/vc_column_text][vc_empty_space][vc_column_text]<\/p>\n<blockquote><p>&#8220;Yuri Goloubev \u00e8 in grado di trarre dal contrabbasso il respiro vero dello strumento, grazie alla profondit\u00e0 del lavoro fatto con il pizzicato e, ancor di pi\u00f9, con l&#8217;archetto e alla qualit\u00e0 del suono sempre efficace ed elegante in ogni passaggio&#8221;<\/p><\/blockquote>\n<h3 style=\"text-align: right;\">&#8211; Fabio Ciminera, Jazzconvention<\/h3>\n<p>[\/vc_column_text][vc_empty_space][vc_column_text]<\/p>\n<blockquote><p>&#8220;Yuri Goloubev\u2019s unmistakable, deftly cantabile bass soloing&#8230; how beautiful! I think it&#8217;s important to understand how much brightness and colour it brings to people&#8217;s lives. His playing is as exquisite as ever.&#8221;<\/p><\/blockquote>\n<h3 style=\"text-align: right;\">&#8211;\u00a0Adrian Pallant<\/h3>\n<p>[\/vc_column_text][vc_empty_space][vc_column_text]<\/p>\n<blockquote><p>&#8220;Beyond the perfect mastery of his instrument and his deep capacity for writing, is his aesthetic &#8211; musical creations deeply-rooted in his experiences from the worlds of classics and jazz &#8211; which makes his dialogue and improvisations so solid.&#8221;<\/p><\/blockquote>\n<h3 style=\"text-align: right;\">&#8211; Francisco Cruz, Jazz News<\/h3>\n<p>[\/vc_column_text][vc_empty_space][vc_column_text]<\/p>\n<blockquote><p>&#8220;Yuri Goloubev is a truly sensational bassist.&#8221;<\/p><\/blockquote>\n<h3 style=\"text-align: right;\">&#8211; Rainlore&#8217;s World of Music<\/h3>\n<p>[\/vc_column_text][vc_empty_space][vc_column_text]<\/p>\n<blockquote><p>&#8220;Yuri&#8217;s voice is so distinctive; what he does with his instrument is a unique thing.&#8221;<\/p><\/blockquote>\n<h3 style=\"text-align: right;\">&#8211; Ian Patterson, All About Jazz<\/h3>\n<p>[\/vc_column_text][vc_empty_space][vc_column_text]<\/p>\n<blockquote><p>&#8220;Le contrebassiste russe Yuri Goloubev d\u00e9veloppe \u00e0 l&#8217;archet un tr\u00e8s beau son rappelant \u00e0 l&#8217;\u00e9vidence qu&#8217;il est aussi un interpr\u00e8te recherch\u00e9 en musique classique, mais poss\u00e8de \u00e9galement un groove puissant, et un sens m\u00e9lodique certain lors des chorus qu&#8217;il d\u00e9veloppe avec une aisance qui trahit une technique ph\u00e9nom\u00e9nale.&#8221;<\/p><\/blockquote>\n<h3 style=\"text-align: right;\">&#8211; Patrice Boyer<\/h3>\n<p>[\/vc_column_text][vc_empty_space][vc_column_text]<\/p>\n<blockquote><p>\u00a0&#8220;It is a sparkling set, integrating the wit and structure of classical influences with the freedom of jazz, giving ample room for each player to express themselves. &#8230;These players are all in their prime and there is a sense that they are ready to and willing to take jazz forward to new places over the next decade or three.&#8221;<\/p><\/blockquote>\n<h3 style=\"text-align: right;\">&#8211; Dominic Williams, London Jazz News<\/h3>\n<p>[\/vc_column_text][vc_empty_space height=&#8221;100px&#8221;]<a  itemprop=\"url\" href=\"http:\/\/yurigoloubev.com\/index.php\/about\/\" target=\"_self\"  class=\"qbutton  medium center default\" style=\"\">BACK TO BIO<\/a>[\/vc_column][vc_column width=&#8221;1\/6&#8243;][\/vc_column][\/vc_row][vc_row css_animation=&#8221;&#8221; row_type=&#8221;row&#8221; use_row_as_full_screen_section=&#8221;no&#8221; type=&#8221;full_width&#8221; angled_section=&#8221;no&#8221; text_align=&#8221;left&#8221; background_image_as_pattern=&#8221;without_pattern&#8221;][vc_column][vc_empty_space height=&#8221;100px&#8221;][\/vc_column][\/vc_row]<\/p>\n","protected":false},"excerpt":{"rendered":"<p>[vc_row css_animation=&#8221;&#8221; row_type=&#8221;row&#8221; use_row_as_full_screen_section=&#8221;no&#8221; type=&#8221;full_width&#8221; angled_section=&#8221;no&#8221; text_align=&#8221;left&#8221; background_image_as_pattern=&#8221;without_pattern&#8221;][vc_column width=&#8221;1\/6&#8243;][\/vc_column][vc_column width=&#8221;2\/3&#8243;][vc_empty_space][vc_column_text] &#8220;The improvising is terrific, and Goloubev&#8217;s precision and drive irresistable&#8221; &#8211; John Fordham, Jazzwise [\/vc_column_text][vc_empty_space][vc_column_text] &#8220;In employing his years of collaborative experience to function on equal footing with his accomplished band, Goloubev produces an impressively&#8230;<\/p>\n","protected":false},"author":1,"featured_media":0,"parent":0,"menu_order":0,"comment_status":"closed","ping_status":"closed","template":"","meta":{"footnotes":""},"class_list":["post-623","page","type-page","status-publish","hentry"],"_links":{"self":[{"href":"https:\/\/yurigoloubev.com\/index.php\/wp-json\/wp\/v2\/pages\/623","targetHints":{"allow":["GET"]}}],"collection":[{"href":"https:\/\/yurigoloubev.com\/index.php\/wp-json\/wp\/v2\/pages"}],"about":[{"href":"https:\/\/yurigoloubev.com\/index.php\/wp-json\/wp\/v2\/types\/page"}],"author":[{"embeddable":true,"href":"https:\/\/yurigoloubev.com\/index.php\/wp-json\/wp\/v2\/users\/1"}],"replies":[{"embeddable":true,"href":"https:\/\/yurigoloubev.com\/index.php\/wp-json\/wp\/v2\/comments?post=623"}],"version-history":[{"count":12,"href":"https:\/\/yurigoloubev.com\/index.php\/wp-json\/wp\/v2\/pages\/623\/revisions"}],"predecessor-version":[{"id":789,"href":"https:\/\/yurigoloubev.com\/index.php\/wp-json\/wp\/v2\/pages\/623\/revisions\/789"}],"wp:attachment":[{"href":"https:\/\/yurigoloubev.com\/index.php\/wp-json\/wp\/v2\/media?parent=623"}],"curies":[{"name":"wp","href":"https:\/\/api.w.org\/{rel}","templated":true}]}}